{"id":277400,"date":"2025-11-03T09:16:32","date_gmt":"2025-11-03T09:16:32","guid":{"rendered":"https:\/\/lopezchinchillaabogados.com\/?page_id=277400"},"modified":"2025-11-03T09:21:55","modified_gmt":"2025-11-03T09:21:55","slug":"preguntas-frecuentes","status":"publish","type":"page","link":"https:\/\/lopezchinchillaabogados.com\/en\/preguntas-frecuentes\/","title":{"rendered":"Frequently Asked Questions"},"content":{"rendered":"<p>[et_pb_section fb_built=\u00bb1&#8243; module_id=\u00bbcontactar\u00bb _builder_version=\u00bb4.11.1&#8243; _module_preset=\u00bbdefault\u00bb custom_margin=\u00bb||||false|false\u00bb locked=\u00bboff\u00bb global_colors_info=\u00bb{}\u00bb][et_pb_row _builder_version=\u00bb4.11.1&#8243; _module_preset=\u00bbdefault\u00bb global_colors_info=\u00bb{}\u00bb][et_pb_column type=\u00bb4_4&#8243; _builder_version=\u00bb4.11.1&#8243; _module_preset=\u00bbdefault\u00bb global_colors_info=\u00bb{}\u00bb][et_pb_text _builder_version=\u00bb4.11.1&#8243; _module_preset=\u00bbdefault\u00bb text_font=\u00bbPoppins||||||||\u00bb text_text_color=\u00bb#1c1c1c\u00bb header_text_color=\u00bb#1c1c1c\u00bb header_font_size=\u00bb36px\u00bb global_colors_info=\u00bb{}\u00bb]<\/p>\n<h1 style=\"color: black; text-align: center;\"><strong>Frequently Asked Questions<\/strong><\/h1>\n<p>[\/et_pb_text][\/et_pb_column][\/et_pb_row][et_pb_row _builder_version=\u00bb4.11.1&#8243; _module_preset=\u00bbdefault\u00bb global_colors_info=\u00bb{}\u00bb][et_pb_column type=\u00bb4_4&#8243; _builder_version=\u00bb4.11.1&#8243; _module_preset=\u00bbdefault\u00bb global_colors_info=\u00bb{}\u00bb][et_pb_accordion open_toggle_text_color=\u00bb#72a3a3&#8243; icon_color=\u00bb#2b0028&#8243; _builder_version=\u00bb4.11.1&#8243; toggle_font=\u00bbPoppins|600|||||||\u00bb toggle_font_size=\u00bb16px\u00bb body_font=\u00bbLora||||||||\u00bb body_text_color=\u00bb#7c7c7c\u00bb body_font_size=\u00bb16px\u00bb body_line_height=\u00bb1.75em\u00bb custom_css_toggle=\u00bbmargin-bottom: 2px\u00bb border_radii=\u00bbon|5px|5px|5px|5px\u00bb border_width_all=\u00bb0px\u00bb locked=\u00bboff\u00bb global_colors_info=\u00bb{}\u00bb][et_pb_accordion_item title=\u00bb\u00bfCu\u00e1les son los principales servicios legales que ofrecemos?\u00bb open=\u00bbon\u00bb _builder_version=\u00bb4.11.1&#8243; _module_preset=\u00bbdefault\u00bb global_colors_info=\u00bb{}\u00bb]<\/p>\n<p>Ofrecemos una amplia gama de servicios legales, incluyendo derecho civil, penal, laboral, familia, y m\u00e1s. No dude en preguntarnos.<\/p>\n<p>[\/et_pb_accordion_item][et_pb_accordion_item title=\u00bb\u00bfC\u00f3mo puedo concertar una cita?\u00bb _builder_version=\u00bb4.11.1&#8243; _module_preset=\u00bbdefault\u00bb global_colors_info=\u00bb{}\u00bb open=\u00bboff\u00bb]<\/p>\n<p>Elija el canal de comunicaci\u00f3n que m\u00e1s c\u00f3modo le resulte. Puede concertar una cita llamando a nuestro despacho, mand\u00e1ndonos un WhatsApp, completando el formulario de contacto en nuestro sitio web o escribi\u00e9ndonos en redes sociales.<\/p>\n<p>[\/et_pb_accordion_item][et_pb_accordion_item title=\u00bb\u00bfCu\u00e1nto cuesta contratar un abogado?\u00bb _builder_version=\u00bb4.11.1&#8243; _module_preset=\u00bbdefault\u00bb global_colors_info=\u00bb{}\u00bb open=\u00bboff\u00bb]<\/p>\n<p>El coste de nuestros servicios var\u00eda seg\u00fan la complejidad del caso. A trav\u00e9s de nuestras consultas evaluamos su situaci\u00f3n legal y le ofrecemos un presupuesto personalizado para que tenga una mayor seguridad.<\/p>\n<p>[\/et_pb_accordion_item][et_pb_accordion_item title=\u00bb\u00bfQu\u00e9 debo llevar a mi primera consulta?\u00bb _builder_version=\u00bb4.11.1&#8243; _module_preset=\u00bbdefault\u00bb global_colors_info=\u00bb{}\u00bb open=\u00bboff\u00bb]<\/p>\n<p>Es \u00fatil traer cualquier documentaci\u00f3n relevante relacionada con su caso. Le indicaremos todo lo que necesitemos para ganar el m\u00e1ximo tiempo y evitar dilaciones.<\/p>\n<p>[\/et_pb_accordion_item][et_pb_accordion_item title=\u00bb\u00bfCu\u00e1nto tiempo tomar\u00e1 resolver mi caso?\u00bb _builder_version=\u00bb4.11.1&#8243; _module_preset=\u00bbdefault\u00bb global_colors_info=\u00bb{}\u00bb open=\u00bboff\u00bb]<\/p>\n<p>The duration of a case depends on several factors such as their complexity and the judicial system. We will be in touch regularly to update you on the progress.<\/p>\n<p>[\/et_pb_accordion_item][et_pb_accordion_item title=\u00bb\u00bfQu\u00e9 debo hacer si estoy siendo demandado\/denunciado o quiero demandar\/denunciar a un tercero?\u00bb _builder_version=\u00bb4.11.1&#8243; _module_preset=\u00bbdefault\u00bb global_colors_info=\u00bb{}\u00bb open=\u00bboff\u00bb]<\/p>\n<p>It is important to contact an attorney as soon as possible to understand your legal options and prepare a proper defense.<\/p>\n<p>[\/et_pb_accordion_item][et_pb_accordion_item title=\u00bb\u00bfExisten facilidades de pago?\u00bb _builder_version=\u00bb4.11.1&#8243; _module_preset=\u00bbdefault\u00bb global_colors_info=\u00bb{}\u00bb open=\u00bboff\u00bb]<\/p>\n<p>Ofrecemos opciones de pago flexibles adaptadas a cada caso concreto con planes de pago adaptados a su situaci\u00f3n financiera.<\/p>\n<p>[\/et_pb_accordion_item][et_pb_accordion_item title=\u00bb\u00bfQu\u00e9 experiencia tienen sus abogados en casos similares al m\u00edo?\u00bb _builder_version=\u00bb4.11.1&#8243; _module_preset=\u00bbdefault\u00bb global_colors_info=\u00bb{}\u00bb open=\u00bboff\u00bb]<\/p>\n<p>L\u00f3pez Chinchilla Abogados es un despacho multidisciplinar. Nuestros abogados tienen una amplia experiencia en una variedad de \u00e1reas legales.<\/p>\n<p>[\/et_pb_accordion_item][et_pb_accordion_item title=\u00bb\u00bfC\u00f3mo puedo estar al tanto del progreso de mi caso?\u00bb _builder_version=\u00bb4.11.1&#8243; _module_preset=\u00bbdefault\u00bb global_colors_info=\u00bb{}\u00bb open=\u00bboff\u00bb]<\/p>\n<p>We maintain an open and transparent communication with our clients, providing regular updates on the progress of their cases.<\/p>\n<p>[\/et_pb_accordion_item][\/et_pb_accordion][\/et_pb_column][\/et_pb_row][\/et_pb_section][et_pb_section fb_built=\u00bb1&#8243; _builder_version=\u00bb4.11.1&#8243; _module_preset=\u00bbdefault\u00bb background_color=\u00bbrgba(185,211,211,0.07)\u00bb custom_margin=\u00bb0px||||false|false\u00bb custom_padding=\u00bb||40px||false|false\u00bb locked=\u00bboff\u00bb global_colors_info=\u00bb{}\u00bb][et_pb_row _builder_version=\u00bb4.11.1&#8243; _module_preset=\u00bbdefault\u00bb global_colors_info=\u00bb{}\u00bb][et_pb_column type=\u00bb4_4&#8243; _builder_version=\u00bb4.11.1&#8243; _module_preset=\u00bbdefault\u00bb global_colors_info=\u00bb{}\u00bb][et_pb_text _builder_version=\u00bb4.11.1&#8243; _module_preset=\u00bbdefault\u00bb text_font=\u00bbLora||||||||\u00bb text_font_size=\u00bb17px\u00bb header_font=\u00bbPoppins||||||||\u00bb header_text_color=\u00bb#1c1c1c\u00bb header_font_size=\u00bb36px\u00bb header_2_font=\u00bbPoppins||||||||\u00bb header_2_text_color=\u00bb#1c1c1c\u00bb header_2_font_size=\u00bb31px\u00bb custom_margin=\u00bb||40px||false|false\u00bb locked=\u00bboff\u00bb global_colors_info=\u00bb{}\u00bb]<\/p>\n<h2 style=\"text-align: center;\"><strong>Estamos a su disposici\u00f3n<\/strong><\/h2>\n<p><strong><\/strong><\/p>\n<div class=\"et_pb_module et_pb_text et_pb_text_2  et_pb_text_align_left et_pb_bg_layout_light\">\n<div class=\"et_pb_text_inner\">\n<p style=\"text-align: center;\">\n<p style=\"text-align: center;\">Le resolvemos cualquier duda sobre nuestros servicios.<\/p>\n<\/div>\n<\/div>\n<p>[\/et_pb_text][et_pb_button button_text=\u00bbCONTACTE CON NOSOTROS\u00bb button_alignment=\u00bbcenter\u00bb module_class=\u00bbbutton_color\u00bb _builder_version=\u00bb4.11.1&#8243; _module_preset=\u00bbdefault\u00bb custom_button=\u00bbon\u00bb button_text_size=\u00bb16px\u00bb button_text_color=\u00bb#FFFFFF\u00bb button_bg_color=\u00bb#6e767f\u00bb button_border_color=\u00bb#6e767f\u00bb button_border_radius=\u00bb9px\u00bb button_letter_spacing=\u00bb1px\u00bb button_font=\u00bbMontserrat|600||on|||||\u00bb button_use_icon=\u00bboff\u00bb custom_margin=\u00bb15px||15px|0px|false|false\u00bb custom_padding=\u00bb10px|10px|10px|10px|false|true\u00bb hover_enabled=\u00bb0&#8243; global_colors_info=\u00bb{}\u00bb button_text_color__hover=\u00bb#FFFFFF\u00bb button_text_color__hover_enabled=\u00bbon|desktop\u00bb button_bg_color__hover=\u00bb#b9d3d3&#8243; button_bg_color__hover_enabled=\u00bbon|hover\u00bb button_border_color__hover=\u00bb#6e767f\u00bb button_border_color__hover_enabled=\u00bbon|hover\u00bb button_border_radius__hover=\u00bb10px\u00bb button_border_radius__hover_enabled=\u00bbon\u00bb button_letter_spacing__hover=\u00bb1.5px\u00bb button_letter_spacing__hover_enabled=\u00bbon\u00bb transform_styles__hover_enabled=\u00bbon|hover\u00bb transform_scale__hover_enabled=\u00bbon|hover\u00bb transform_translate__hover_enabled=\u00bbon|desktop\u00bb transform_rotate__hover_enabled=\u00bbon|desktop\u00bb transform_skew__hover_enabled=\u00bbon|desktop\u00bb transform_origin__hover_enabled=\u00bbon|desktop\u00bb button_url=\u00bbhttps:\/\/lopezchinchillaabogados.com\/contacto\/\u00bb sticky_enabled=\u00bb0&#8243;][\/et_pb_button][\/et_pb_column][\/et_pb_row][\/et_pb_section]<\/p>","protected":false},"excerpt":{"rendered":"<p>Preguntas FrecuentesOfrecemos una amplia gama de servicios legales, incluyendo derecho civil, penal, laboral, familia, y m\u00e1s. No dude en preguntarnos.Elija el canal de comunicaci\u00f3n que m\u00e1s c\u00f3modo le resulte. Puede concertar una cita llamando a nuestro despacho, mand\u00e1ndonos un WhatsApp, completando el formulario de contacto en nuestro sitio web o escribi\u00e9ndonos en redes sociales.El coste [&hellip;]<\/p>","protected":false},"author":2,"featured_media":0,"parent":0,"menu_order":0,"comment_status":"closed","ping_status":"closed","template":"","meta":{"_et_pb_use_builder":"on","_et_pb_old_content":"","_et_gb_content_width":"","footnotes":""},"class_list":["post-277400","page","type-page","status-publish","hentry"],"_links":{"self":[{"href":"https:\/\/lopezchinchillaabogados.com\/en\/wp-json\/wp\/v2\/pages\/277400","targetHints":{"allow":["GET"]}}],"collection":[{"href":"https:\/\/lopezchinchillaabogados.com\/en\/wp-json\/wp\/v2\/pages"}],"about":[{"href":"https:\/\/lopezchinchillaabogados.com\/en\/wp-json\/wp\/v2\/types\/page"}],"author":[{"embeddable":true,"href":"https:\/\/lopezchinchillaabogados.com\/en\/wp-json\/wp\/v2\/users\/2"}],"replies":[{"embeddable":true,"href":"https:\/\/lopezchinchillaabogados.com\/en\/wp-json\/wp\/v2\/comments?post=277400"}],"version-history":[{"count":16,"href":"https:\/\/lopezchinchillaabogados.com\/en\/wp-json\/wp\/v2\/pages\/277400\/revisions"}],"predecessor-version":[{"id":277482,"href":"https:\/\/lopezchinchillaabogados.com\/en\/wp-json\/wp\/v2\/pages\/277400\/revisions\/277482"}],"wp:attachment":[{"href":"https:\/\/lopezchinchillaabogados.com\/en\/wp-json\/wp\/v2\/media?parent=277400"}],"curies":[{"name":"wp","href":"https:\/\/api.w.org\/{rel}","templated":true}]}}