{"id":277151,"date":"2022-04-03T14:46:59","date_gmt":"2022-04-03T14:46:59","guid":{"rendered":"http:\/\/lopezchinchillaabogados.com\/?page_id=277151"},"modified":"2024-03-26T16:38:51","modified_gmt":"2024-03-26T16:38:51","slug":"politica-de-cookies","status":"publish","type":"page","link":"https:\/\/lopezchinchillaabogados.com\/fr\/politica-de-cookies\/","title":{"rendered":"Politique en mati\u00e8re de cookies"},"content":{"rendered":"<p>[et_pb_section fb_built=\u00bb1&#8243; admin_label=\u00bbsection\u00bb _builder_version=\u00bb3.22&#8243; global_colors_info=\u00bb{}\u00bb][et_pb_row admin_label=\u00bbrow\u00bb _builder_version=\u00bb3.25&#8243; background_size=\u00bbinitial\u00bb background_position=\u00bbtop_left\u00bb background_repeat=\u00bbrepeat\u00bb global_colors_info=\u00bb{}\u00bb custom_margin=\u00bb|auto||390px||\u00bb][et_pb_column type=\u00bb4_4&#8243; _builder_version=\u00bb3.25&#8243; custom_padding=\u00bb|||\u00bb global_colors_info=\u00bb{}\u00bb custom_padding__hover=\u00bb|||\u00bb][et_pb_text admin_label=\u00bbText\u00bb _builder_version=\u00bb4.11.1&#8243; background_size=\u00bbinitial\u00bb background_position=\u00bbtop_left\u00bb background_repeat=\u00bbrepeat\u00bb global_colors_info=\u00bb{}\u00bb width=\u00bb100%\u00bb custom_margin=\u00bb|||-4px||\u00bb]<\/p>\n<h3>POLITIQUE DE COOKIES<\/h3>\n<p><span style=\"color: #000000;\">Bienvenue \u00e0 l&#039;<strong> POLITIQUE EN MATI\u00c8RE DE COOKIES<\/strong> la page web de l&#039;entit\u00e9 SARA LOPEZ CHINCHILLA, \u00e0 condition NIF 48727133T, o\u00f9 nous allons vous expliquer dans un langage clair et simple, toutes les questions n\u00e9cessaires pour que vous ayez le contr\u00f4le sur eux, en fonction de votre choix.<\/span><\/p>\n<p>&nbsp;<\/p>\n<h4><strong>QUE SONT LES COOKIES ET COMMENT LES UTILISONS-NOUS?<\/strong><\/h4>\n<p><span style=\"color: #000000;\">Un cookie ou d&#039;un pirate informatique est un petit fichier d&#039;information qui est stock\u00e9e sur votre ordinateur, \u201csmartphone\u201d ou une tablette \u00e0 chaque fois que vous visitez notre site web.<\/span><\/p>\n<p><span style=\"color: #000000;\">En principe, un cookie est sans danger: ne contient aucun virus, chevaux de troie, vers, etc., ce qui peut endommager votre terminal, mais il ne avoir un certain impact sur votre droit \u00e0 la protection de vos donn\u00e9es personnelles, puis recueillir certaines informations relatives \u00e0 votre personne (habitudes de navigation, de l&#039;identit\u00e9, pr\u00e9f\u00e9rences, etc).<\/span><\/p>\n<p><span style=\"color: #000000;\">C&#039;est pour cette raison que, sur la base de ce qui est \u00e9tabli dans les r\u00e8glements applicables (LSSI et r\u00e8glements en vigueur sur la protection des donn\u00e9es personnelles), l&#039;activation de certains types de cookies, vous aurez besoin de votre autorisation pr\u00e9alable.<\/span><\/p>\n<p><span style=\"color: #000000;\">\u00a0Avant cela, nous allons vous donner toutes les informations compl\u00e9mentaires que vous aidera \u00e0 une meilleure prise de d\u00e9cision sur la question:<\/span><\/p>\n<ul>\n<li><span style=\"color: #000000;\">Les Cookies peuvent \u00eatre de diff\u00e9rents types en fonction de son objet:<\/span><span style=\"color: #000000;\"><\/span><br \/><span style=\"color: #000000;\"><\/span><\/li>\n<\/ul>\n<p>\u00a0 \u00a0 \u00a0 \u00a0 <span style=\"color: #000000;\">Les cookies techniques sont n\u00e9cessaires pour notre site de fonctionner, ne pas besoin de votre autorisation et sont les seuls que nous avons activ\u00e9 par d\u00e9faut.<\/span><\/p>\n<p><span style=\"color: #000000;\">\u00a0 \u00a0 \u00a0 \u00a0 Le reste de l&#039;cookies servent \u00e0 am\u00e9liorer notre page, de le personnaliser en fonction de vos pr\u00e9f\u00e9rences, ou pour \u00eatre en mesure de vous montrer des publicit\u00e9s adapt\u00e9s \u00e0 vos recherches, de vos go\u00fbts et int\u00e9r\u00eats personnels. Vous pouvez accepter tous ces cookies en appuyant sur le bouton <strong>OK<\/strong>, les rejeter en cliquant sur le bouton <strong>REJETER<\/strong> ou \u00e0 les d\u00e9finir en cliquant dans le paragraphe<strong> LES PARAM\u00c8TRES DES COOKIES<\/strong>.<\/span><\/p>\n<p><span style=\"color: #000000;\">Certains cookies sont nos (l&#039;appel <strong>cookies de tierces parties<\/strong>), et d&#039;autres appartiennent \u00e0 des entreprises externes qui fournissent des services pour notre site web (le soi-disant <strong>les cookies de tierce partie<\/strong>: un exemple pourrait \u00eatre les t\u00e9moins de fournisseurs externes tels que Google). En ce sens, il est important pour vous de savoir que certains de ces fournisseurs externes peuvent \u00eatre situ\u00e9s en dehors de l&#039;Espagne.<\/span><\/p>\n<p><span style=\"color: #000000;\">Au niveau mondial, tous les pays n&#039;ont pas le m\u00eame niveau de protection des donn\u00e9es, certains pays \u00e9tant plus s\u00fbrs que d&#039;autres (par exemple, l&#039;Union Europ\u00e9enne est un environnement s\u00e9curis\u00e9 pour vos donn\u00e9es). Notre politique est de se tourner vers les fournisseurs fiables, ind\u00e9pendamment de si oui ou non situ\u00e9s dans l&#039;Union Europ\u00e9enne, ont adopt\u00e9 des garanties appropri\u00e9es pour la protection de vos renseignements personnels. Toutefois, dans la section intitul\u00e9e <strong>QUEL TYPE DE COOKIES NOUS UTILISONS ACTUELLEMENT SUR NOTRE SITE WEB?<\/strong>vous pouvez consulter les diff\u00e9rentes Politiques de confidentialit\u00e9 et de protection des donn\u00e9es de chacun de ces fournisseurs externes, afin de prendre une d\u00e9cision consciente sur l&#039;activation ou non de la <strong>les cookies de tierce partie<\/strong> vous utilisez notre site web.<\/span><\/p>\n<p><span style=\"color: #000000;\"><\/span><\/p>\n<p><span style=\"color: #000000;\">Enfin, pour montrer que, selon la p\u00e9riode de temps qui restent actifs, les cookies peuvent \u00eatre de deux types:<br \/><\/span><\/p>\n<p>\u00a0 \u00a0 <span style=\"color: #000000;\"><strong>Les Cookies De Session<\/strong>: expirent automatiquement lorsque vous mettez fin \u00e0 la session sur votre ordinateur, \u201csmartphone\u201d ou une tablette. Ils sont g\u00e9n\u00e9ralement utilis\u00e9s pour conserver les informations n\u00e9cessaires tout en vous offrant un service sur une seule occasion.<\/span><\/p>\n<p><span style=\"color: #000000;\">\u00a0<strong> \u00a0 C<em>ookies persistante<\/em><\/strong>restent stock\u00e9s sur votre ordinateur, \u201csmartphone\u201d ou une tablette cours d&#039;une p\u00e9riode donn\u00e9e, qui peut varier de quelques minutes \u00e0 plusieurs ann\u00e9es.<\/span><\/p>\n<p><span style=\"color: #000000;\"><\/span><\/p>\n<h4><strong>QUEL TYPE DE COOKIES QUE NOUS POUVONS UTILISER SUR NOTRE SITE WEB?<\/strong><\/h4>\n<p><strong><\/strong><\/p>\n<p><span style=\"color: #000000;\"><strong>Cookies Techniques:<\/strong><\/span><\/p>\n<p><span style=\"color: #000000;\">La technique des cookies sont strictement n\u00e9cessaires \u00e0 notre site web et vous pouvez naviguer \u00e0 travers les m\u00eames. Ce type de cookies sont ceux qui, par exemple, nous permettent de vous identifier, de vous donner acc\u00e8s \u00e0 certaines parties restreintes de la page si n\u00e9cessaire, ou de se rappeler les diff\u00e9rentes options ou services d\u00e9j\u00e0 choisi par vous, comme vos pr\u00e9f\u00e9rences de confidentialit\u00e9. Pour cette raison, ils sont activ\u00e9s par d\u00e9faut et n&#039;a pas besoin de votre permission.<\/span><\/p>\n<p><span style=\"color: #000000;\">Par le biais des param\u00e8tres de votre navigateur, vous pouvez bloquer ou d&#039;informer de la pr\u00e9sence de ce type de cookies, bien que ce blocage va affecter le bon fonctionnement des diff\u00e9rentes fonctionnalit\u00e9s de notre site web.<\/span><\/p>\n<p><strong><span style=\"color: #000000;\">Cookies d&#039;Analyse:<\/span><\/strong><\/p>\n<p><span style=\"color: #000000;\">Les Cookies d&#039;analyse nous permettent d&#039;\u00e9tudier la navigation des utilisateurs de notre site web en g\u00e9n\u00e9ral (par exemple, les sections du site web sont les plus visit\u00e9s, les services qui sont les plus utilis\u00e9s et s&#039;ils fonctionnent correctement, etc).<\/span><\/p>\n<p><span style=\"color: #000000;\">\u00c0 partir des informations statistiques sur la navigation sur notre site web, nous pouvons am\u00e9liorer le fonctionnement du site web que les diff\u00e9rents services qu&#039;elle offre. Par cons\u00e9quent, ces cookies n&#039;ont pas un but publicitaire, mais ne servent \u00e0 rendre notre site web mieux travailler, en s&#039;adaptant \u00e0 nos utilisateurs en g\u00e9n\u00e9ral. Pour les activer, il vous permettra de contribuer \u00e0 ce processus d&#039;am\u00e9lioration continue.<\/span><\/p>\n<p><span style=\"color: #000000;\">Vous pouvez activer ou d\u00e9sactiver ces cookies en cochant la case correspondante, \u00e9tant d\u00e9sactiv\u00e9e par d\u00e9faut.<\/span><\/p>\n<p><strong><span style=\"color: #000000;\">Les Cookies de fonctionnalit\u00e9 et de Personnalisation:<\/span><\/strong><\/p>\n<p><span style=\"color: #000000;\">Les cookies de fonctionnalit\u00e9 permettent de nous souvenir de vos pr\u00e9f\u00e9rences et de personnaliser votre mesure certaines caract\u00e9ristiques et options g\u00e9n\u00e9rales de notre site web, \u00e0 chaque fois que vous acc\u00e9der (par exemple, la langue dans laquelle vous \u00eates pr\u00e9sent\u00e9 avec les informations, les sections marqu\u00e9es comme favoris, votre type de navigateur, etc).<\/span><\/p>\n<p><span style=\"color: #000000;\">Par cons\u00e9quent, ce type de cookie <strong>n&#039;ont pas un but publicitaire<\/strong>mais pour les activer, il vous permettra d&#039;am\u00e9liorer la fonctionnalit\u00e9 de la page web (par exemple, s&#039;adapter \u00e0 votre type de navigateur) et la personnalisation de vos pr\u00e9f\u00e9rences (par exemple, par la pr\u00e9sentation de l&#039;information dans une langue que vous avez choisie dans les occasions pr\u00e9c\u00e9dentes), ce qui contribuera \u00e0 la simplicit\u00e9, la convivialit\u00e9 et le confort de notre page lors de votre navigation.<\/span><\/p>\n<p><span style=\"color: #000000;\"><strong>Vous pouvez activer ou d\u00e9sactiver ces cookies en cochant la case correspondante<\/strong>, \u00e9tant d\u00e9sactiv\u00e9e par d\u00e9faut.<\/span><\/p>\n<p><strong><span style=\"color: #000000;\">Cookies Publicitaires:<\/span><\/strong><\/p>\n<p><span style=\"color: #000000;\">Annonce les cookies nous permettent de g\u00e9rer les espaces publicitaires inclus dans notre site web, bas\u00e9 sur des crit\u00e8res tels que le contenu affich\u00e9 ou la fr\u00e9quence \u00e0 laquelle les annonces sont affich\u00e9es.<\/span><\/p>\n<p><span style=\"color: #000000;\">Ainsi, par exemple, si vous avez \u00e9t\u00e9 montr\u00e9 \u00e0 plusieurs reprises d&#039;une annonce sur notre site web, et vous n&#039;avez pas montr\u00e9 un int\u00e9r\u00eat personnel en cliquant sur elle, ce n&#039;apparaissent pas encore. En r\u00e9sum\u00e9, par l&#039;activation de ce type de cookies, la publicit\u00e9 pr\u00e9sent\u00e9e sur notre site web sera plus utile et plus vari\u00e9es, et moins r\u00e9p\u00e9titif.<\/span><\/p>\n<p><span style=\"color: #000000;\"><strong>Vous pouvez activer ou d\u00e9sactiver ces cookies en cochant la case correspondante<\/strong>, \u00e9tant d\u00e9sactiv\u00e9e par d\u00e9faut.<\/span><\/p>\n<p><strong><span style=\"color: #000000;\">Les Cookies De Publicit\u00e9 Comportementale:<\/span><\/strong><\/p>\n<p><strong><span style=\"color: #000000;\"><br \/><\/span><\/strong><span style=\"color: #000000;\">Les Cookies de publicit\u00e9 comportementale permet d&#039;obtenir des informations de base sur l&#039;observation de votre comportement et les habitudes de navigation sur le site, afin de vous montrer le contenu des publicit\u00e9s qui correspondent le mieux \u00e0 vos go\u00fbts et int\u00e9r\u00eats personnels.<\/span><span style=\"color: #000000;\"><br \/><\/span><\/p>\n<p><span style=\"color: #000000;\">Le comprendre de mani\u00e8re tr\u00e8s simple, nous allons vous mettre un exemple fictif: si vos derni\u00e8res recherches sur le site web de la documentation du suspens, nous avons pu montrer de la publicit\u00e9 sur les livres \u00e0 suspense.<\/span><\/p>\n<p><span style=\"color: #000000;\"><br \/>Par cons\u00e9quent, l&#039;activation de ce type de cookies, la publicit\u00e9 que nous affichons sur notre site web ne sera pas g\u00e9n\u00e9rique, mais sera orient\u00e9 vers les r\u00e9sultats de vos recherches, de vos go\u00fbts et int\u00e9r\u00eats, le montage, par cons\u00e9quent, exclusivement pour vous.<br \/><\/span><\/p>\n<p><span style=\"color: #000000;\"><strong>Vous pouvez activer ou d\u00e9sactiver ces cookies en cochant la case correspondante<\/strong>, \u00e9tant d\u00e9sactiv\u00e9e par d\u00e9faut.<\/span><strong><span style=\"color: #000000;\"><br \/><\/span><\/strong><\/p>\n<p><span style=\"color: #000000;\"><\/span><\/p>\n<h4><strong>QUEL TYPE DE COOKIES NOUS UTILISONS ACTUELLEMENT SUR NOTRE SITE WEB?<\/strong><\/h4>\n<p><span style=\"color: #000000;\"><\/span><\/p>\n<p><span style=\"color: #000000;\"><\/span><\/p>\n<table>\n<thead>\n<tr>\n<th>Type de Cookie<\/th>\n<th>But<\/th>\n<th>Entit\u00e9 Responsable<\/th>\n<th>\n<p>Lien vers la Politique de Confidentialit\u00e9 et protection des donn\u00e9es<\/p>\n<\/th>\n<th>P\u00e9riode de Temps<\/th>\n<\/tr>\n<\/thead>\n<tbody>\n<tr>\n<td>Session<\/td>\n<td>Garder la session de l&#039;utilisateur actif<\/td>\n<td>Votre Site Web<\/td>\n<td><a target=\"_blank\" class=\"components-external-link editor-post-url__link\" href=\"http:\/\/lopezchinchillaabogados.com\/fr\/politica-privacidad\/\" rel=\"external noreferrer noopener\"><span class=\"editor-post-url__link-prefix\">http:\/\/lopezchinchillaabogados.com\/<\/span><span class=\"editor-post-url__link-slug\">politique de confidentialit\u00e9<\/span><span class=\"editor-post-url__link-suffix\">\/<\/span><\/a><\/td>\n<td>Session<\/td>\n<\/tr>\n<tr>\n<td>Google Analytics<\/td>\n<td>Recueillir des informations sur l&#039;utilisation du site web<\/td>\n<td>Google Inc.<\/td>\n<td><a href=\"https:\/\/policies.google.com\/privacy\">Politique de Confidentialit\u00e9 de Google<\/a><\/td>\n<td>2 ans<\/td>\n<\/tr>\n<tr>\n<td>Google Analytics<\/td>\n<td>Recueillir des informations sur l&#039;utilisation du site web<\/td>\n<td>Google Inc.<\/td>\n<td><a href=\"https:\/\/policies.google.com\/privacy\">Politique de Confidentialit\u00e9 de Google<\/a><\/td>\n<td>24 heures<\/td>\n<\/tr>\n<tr>\n<td>Google Analytics<\/td>\n<td>Recueillir des informations sur l&#039;utilisation du site web<\/td>\n<td>Google Inc.<\/td>\n<td><a href=\"https:\/\/policies.google.com\/privacy\">Politique de Confidentialit\u00e9 de Google<\/a><\/td>\n<td>1 minute<\/td>\n<\/tr>\n<\/tbody>\n<\/table>\n<p>&nbsp;<\/p>\n<h4><strong>QUE POUVEZ-VOUS FAIRE AVEC LES COOKIES?<\/strong><\/h4>\n<p><strong><\/strong><\/p>\n<p><span style=\"color: #000000;\">Lorsque vous acc\u00e9dez \u00e0 notre site web, vous obtiendrez une fen\u00eatre dans laquelle vous \u00eates inform\u00e9 que des cookies peuvent \u00eatre de diff\u00e9rents types:<\/span><br \/><span style=\"color: #000000;\"><\/span><\/p>\n<p><span style=\"color: #000000;\">\u00a0 \u00a0 Les cookies techniques sont n\u00e9cessaires pour notre site de fonctionner, ne pas besoin de votre autorisation et sont les seuls que nous avons activ\u00e9 par d\u00e9faut.<\/span><\/p>\n<p><span style=\"color: #000000;\">\u00a0 \u00a0 Le reste de l&#039;cookies servent \u00e0 am\u00e9liorer notre page, de le personnaliser en fonction de vos pr\u00e9f\u00e9rences, ou pour \u00eatre en mesure de vous montrer des publicit\u00e9s adapt\u00e9s \u00e0 vos recherches, de vos go\u00fbts et int\u00e9r\u00eats personnels. Vous pouvez accepter tous ces cookies en appuyant sur le bouton <strong>OK<\/strong>, les rejeter en cliquant sur le bouton <strong>REJETER<\/strong> ou \u00e0 les d\u00e9finir en cliquant dans le paragraphe<strong> LES PARAM\u00c8TRES DES COOKIES<\/strong>.<\/span><\/p>\n<p><span style=\"color: #000000;\">Pour vous informer aussi que, une fois que vous avez activ\u00e9 n&#039;importe quel type de cookies, vous avez la possibilit\u00e9 de d\u00e9sactiver quand vous le voulez, avec la simple \u00e9tape de d\u00e9cocher la case correspondante dans le paragraphe <strong>LES PARAM\u00c8TRES DES COOKIES<\/strong> de notre site web. Sera toujours si simple pour vous d&#039;activer nos cookies propres et de les d\u00e9sactiver.<br \/><\/span><\/p>\n<p><span style=\"color: #000000;\"><\/span><\/p>\n<p><span style=\"color: #000000;\">Rappelez-vous aussi que, par le biais des param\u00e8tres de votre navigateur, vous pouvez bloquer ou d&#039;informer de la pr\u00e9sence de cookies, bien que ce blocage peut affecter le bon fonctionnement des diff\u00e9rentes fonctionnalit\u00e9s de notre site web, dans le cas de la technique des cookies n\u00e9cessaires.<\/span><\/p>\n<p><span style=\"color: #000000;\">Enfin, pour montrer que, si active <strong>les cookies de tierce partie<\/strong> (externes, les entreprises qui fournissent des services pour notre page web et que vous voulez les d\u00e9sactiver, vous pouvez le faire de deux fa\u00e7ons: en utilisant les outils pour la d\u00e9sactivation des cookies de votre navigateur internet ou via les syst\u00e8mes fournis par ces fournisseurs externes.<br \/><\/span><\/p>\n<p><span style=\"color: #000000;\">De sorte qu&#039;il sera beaucoup plus facile pour vous, ci-dessous, vous aurez concernent une s\u00e9rie de liens vers les mod\u00e8les de d\u00e9sactivation des cookies des navigateurs couramment utilis\u00e9s:<\/span><\/p>\n<ul>\n<li><span style=\"color: #000000;\"><a href=\"https:\/\/support.google.com\/accounts\/answer\/61416?co=GENIE.Platform%3DDesktop&amp;hl=es\">Google Chrome<\/a>.<\/span><\/li>\n<li><span style=\"color: #000000;\"><a href=\"https:\/\/support.mozilla.org\/es\/kb\/Borrar%20cookies\">Mozilla Firefox<\/a>.<\/span><\/li>\n<li><span style=\"color: #000000;\"><a href=\"https:\/\/support.microsoft.com\/es-es\/topic\/c%C3%B3mo-eliminar-archivos-de-cookies-en-internet-explorer-bca9446f-d873-78de-77ba-d42645fa52fc\">Internet Explorer<\/a>.<\/span><\/li>\n<li><span style=\"color: #000000;\"><a href=\"https:\/\/support.apple.com\/es-es\/guide\/safari\/sfri11471\/mac\">Safari<\/a>.<\/span><\/li>\n<li><span style=\"color: #000000;\"><a href=\"https:\/\/support.apple.com\/es-es\/105082\">Safari pour IOS (iPhone et iPad)<\/a>.<\/span><\/li>\n<li><span style=\"color: #000000;\"><a href=\"https:\/\/support.google.com\/accounts\/answer\/61416?co=GENIE.Platform%3DAndroid&amp;hl=es&amp;oco=1\">Google Chrome pour Android<\/a>.<\/span><\/li>\n<li><span style=\"color: #000000;\"><span style=\"color: #000000;\"><a href=\"https:\/\/support.google.com\/accounts\/answer\/61416?co=GENIE.Platform%3DiOS&amp;hl=es&amp;oco=1\">Google Chrome pour IPhone et iPad<\/a>.<\/span><\/span>\n<p>&nbsp;<\/p>\n<\/li>\n<\/ul>\n<p>&nbsp;<\/p>\n<p>[\/et_pb_text][\/et_pb_column][\/et_pb_row][\/et_pb_section]<\/p>","protected":false},"excerpt":{"rendered":"<p>POLITICA DE COOKIES Bienvenida\/o a la POL\u00cdTICA DE COOKIES de la p\u00e1gina web de la entidad SARA LOPEZ CHINCHILLA, provista de NIF 48727133T, donde te explicaremos en un lenguaje claro y sencillo todas las cuestiones necesarias para que puedas tener el control sobre ellas en base a tus decisiones personales. &nbsp; \u00bfQU\u00c9 SON LAS COOKIES [&hellip;]<\/p>","protected":false},"author":1,"featured_media":0,"parent":0,"menu_order":0,"comment_status":"closed","ping_status":"closed","template":"","meta":{"_et_pb_use_builder":"on","_et_pb_old_content":"","_et_gb_content_width":"","footnotes":""},"class_list":["post-277151","page","type-page","status-publish","hentry"],"_links":{"self":[{"href":"https:\/\/lopezchinchillaabogados.com\/fr\/wp-json\/wp\/v2\/pages\/277151","targetHints":{"allow":["GET"]}}],"collection":[{"href":"https:\/\/lopezchinchillaabogados.com\/fr\/wp-json\/wp\/v2\/pages"}],"about":[{"href":"https:\/\/lopezchinchillaabogados.com\/fr\/wp-json\/wp\/v2\/types\/page"}],"author":[{"embeddable":true,"href":"https:\/\/lopezchinchillaabogados.com\/fr\/wp-json\/wp\/v2\/users\/1"}],"replies":[{"embeddable":true,"href":"https:\/\/lopezchinchillaabogados.com\/fr\/wp-json\/wp\/v2\/comments?post=277151"}],"version-history":[{"count":7,"href":"https:\/\/lopezchinchillaabogados.com\/fr\/wp-json\/wp\/v2\/pages\/277151\/revisions"}],"predecessor-version":[{"id":277273,"href":"https:\/\/lopezchinchillaabogados.com\/fr\/wp-json\/wp\/v2\/pages\/277151\/revisions\/277273"}],"wp:attachment":[{"href":"https:\/\/lopezchinchillaabogados.com\/fr\/wp-json\/wp\/v2\/media?parent=277151"}],"curies":[{"name":"wp","href":"https:\/\/api.w.org\/{rel}","templated":true}]}}