{"id":277301,"date":"2025-11-03T09:17:13","date_gmt":"2025-11-03T09:17:13","guid":{"rendered":"https:\/\/lopezchinchillaabogados.com\/?page_id=277301"},"modified":"2025-11-21T09:49:18","modified_gmt":"2025-11-21T09:49:18","slug":"sobre-nosotros","status":"publish","type":"page","link":"https:\/\/lopezchinchillaabogados.com\/fr\/sobre-nosotros\/","title":{"rendered":"Sobre Nosotros"},"content":{"rendered":"<p>[et_pb_section fb_built=\u00bb1&#8243; _builder_version=\u00bb4.11.1&#8243; _module_preset=\u00bbdefault\u00bb global_colors_info=\u00bb{}\u00bb][et_pb_row _builder_version=\u00bb4.11.1&#8243; _module_preset=\u00bbdefault\u00bb locked=\u00bboff\u00bb global_colors_info=\u00bb{}\u00bb][et_pb_column type=\u00bb4_4&#8243; _builder_version=\u00bb4.11.1&#8243; _module_preset=\u00bbdefault\u00bb global_colors_info=\u00bb{}\u00bb][et_pb_text _builder_version=\u00bb4.11.1&#8243; _module_preset=\u00bbdefault\u00bb text_font=\u00bbPoppins||||||||\u00bb text_text_color=\u00bb#1c1c1c\u00bb header_text_color=\u00bb#1c1c1c\u00bb header_font_size=\u00bb36px\u00bb locked=\u00bboff\u00bb global_colors_info=\u00bb{}\u00bb]<\/p>\n<h1 style=\"color: black; text-align: center;\"><strong>Sobre Nosotros<\/strong><\/h1>\n<p>[\/et_pb_text][\/et_pb_column][\/et_pb_row][et_pb_row column_structure=\u00bb1_2,1_2&#8243; make_equal=\u00bbon\u00bb _builder_version=\u00bb4.11.1&#8243; _module_preset=\u00bbdefault\u00bb global_colors_info=\u00bb{}\u00bb][et_pb_column type=\u00bb1_2&#8243; _builder_version=\u00bb4.11.1&#8243; _module_preset=\u00bbdefault\u00bb custom_padding=\u00bb15px|15px|15px|15px|false|false\u00bb border_radii=\u00bbon|15px|15px|15px|15px\u00bb global_colors_info=\u00bb{}\u00bb][et_pb_image src=\u00bbhttps:\/\/lopezchinchillaabogados.com\/wp-content\/uploads\/2025\/10\/Sara.png\u00bb title_text=\u00bbSara\u00bb align=\u00bbcenter\u00bb _builder_version=\u00bb4.11.1&#8243; _module_preset=\u00bbdefault\u00bb width=\u00bb100%\u00bb max_width=\u00bb100%\u00bb module_alignment=\u00bbcenter\u00bb min_height=\u00bb424px\u00bb max_height=\u00bb526px\u00bb custom_margin=\u00bb|||-2px||\u00bb custom_css_main_element=\u00bbimg {||  object-fit: cover;||}\u00bb border_radii=\u00bbon|50px|50px|50px|50px\u00bb border_width_all=\u00bb3px\u00bb border_color_all=\u00bb#d2d4d4&#8243; global_colors_info=\u00bb{}\u00bb][\/et_pb_image][et_pb_text _builder_version=\u00bb4.11.1&#8243; _module_preset=\u00bbdefault\u00bb text_font=\u00bbLora||||||||\u00bb header_font=\u00bbPoppins||||||||\u00bb header_2_font=\u00bbPoppins||||||||\u00bb header_3_font=\u00bbPoppins||||||||\u00bb header_4_font=\u00bbLora||||||||\u00bb header_4_font_size=\u00bb17px\u00bb global_colors_info=\u00bb{}\u00bb]<\/p>\n<h3 style=\"text-align: center;\"><b>Sara L\u00f3pez Chinchilla<\/b><\/h3>\n<p><b><\/b><\/p>\n<p><b><\/b><\/p>\n<h4 style=\"text-align: justify;\"><strong>Fundadora del despacho, Abogada ejerciente y colegiada del Ilustre Colegio de Abogados de Murcia y en el Ilustre Colegio de Abogados de Orihuela<\/strong><\/h4>\n<p>[\/et_pb_text][et_pb_text _builder_version=\u00bb4.11.1&#8243; _module_preset=\u00bbdefault\u00bb text_font_size=\u00bb16px\u00bb global_colors_info=\u00bb{}\u00bb]<\/p>\n<p style=\"text-align: justify;\"><span style=\"font-weight: 400;\">Licenciada en Derecho por la Universidad de Murcia, est\u00e1 especializada, principalmente, en Derecho Penal, Derecho Sanitario y Derecho Social.\u00a0 Tambi\u00e9n es la abogada de la Provincia de Alicante de JUCIL, especializada en delitos de atentado y delitos de resistencia contra la autoridad.<\/span><\/p>\n<p style=\"text-align: justify;\"><span style=\"font-weight: 400;\">Inici\u00f3 su carrera como jurista en 2012 tras colegiarse en el Ilustre Colegio de Abogados de Murcia. Actualmente , tambi\u00e9n colegiada del Ilustre Colegio de Abogados de Orihuela.\u00a0<\/span><\/p>\n<p>[\/et_pb_text][\/et_pb_column][et_pb_column type=\u00bb1_2&#8243; _builder_version=\u00bb4.11.1&#8243; _module_preset=\u00bbdefault\u00bb custom_padding=\u00bb15px|15px|15px|15px|false|false\u00bb border_radii=\u00bbon|15px|15px|15px|15px\u00bb global_colors_info=\u00bb{}\u00bb][et_pb_image src=\u00bbhttps:\/\/lopezchinchillaabogados.com\/wp-content\/uploads\/2025\/10\/Anastasia.jpeg\u00bb title_text=\u00bbAnastasia\u00bb align=\u00bbcenter\u00bb _builder_version=\u00bb4.11.1&#8243; _module_preset=\u00bbdefault\u00bb width=\u00bb100%\u00bb max_width=\u00bb100%\u00bb module_alignment=\u00bbcenter\u00bb min_height=\u00bb424px\u00bb max_height=\u00bb526px\u00bb custom_margin=\u00bb|||-2px||\u00bb custom_css_main_element=\u00bbimg {||  object-fit: cover;||}\u00bb border_radii=\u00bbon|50px|50px|50px|50px\u00bb border_width_all=\u00bb3px\u00bb border_color_all=\u00bb#d2d4d4&#8243; global_colors_info=\u00bb{}\u00bb][\/et_pb_image][et_pb_text _builder_version=\u00bb4.11.1&#8243; _module_preset=\u00bbdefault\u00bb text_font=\u00bbLora||||||||\u00bb header_font=\u00bbPoppins||||||||\u00bb header_2_font=\u00bbPoppins||||||||\u00bb header_3_font=\u00bbPoppins||||||||\u00bb header_4_font=\u00bbLora||||||||\u00bb header_4_font_size=\u00bb17px\u00bb global_colors_info=\u00bb{}\u00bb]<\/p>\n<h3 style=\"text-align: center;\"><b>Anastasia Gorbatova Iakovleva<\/b><\/h3>\n<p><b><\/b><\/p>\n<p><b><\/b><\/p>\n<h4 style=\"text-align: justify;\"><strong> Abogada ejerciente y colegiada del Ilustre Colegio de Abogados de Orihuela.<\/strong><\/h4>\n<p>[\/et_pb_text][et_pb_text _builder_version=\u00bb4.11.1&#8243; _module_preset=\u00bbdefault\u00bb text_font_size=\u00bb16px\u00bb global_colors_info=\u00bb{}\u00bb]<\/p>\n<p style=\"text-align: justify;\"><span style=\"font-weight: 400;\"><span>Es graduada en Derecho por la Universidad Miguel Hern\u00e1ndez de Elche. M\u00e1ster de Acceso a la Abogac\u00eda por la UMH de Elche.<\/span><\/span><\/p>\n<p style=\"text-align: justify;\"><span style=\"font-weight: 400;\">El \u00e1mbito profesional al que se dedica es el Derecho Penal, Mercantil y negociaci\u00f3n con los fondos de inversi\u00f3n y conflictos arrendaticios.<\/span><\/p>\n<p style=\"text-align: justify;\"><span style=\"font-weight: 400;\">Ofrece asesoramiento y defensa legal tanto a particulares como empresas, analizando las soluciones eficaces, estrat\u00e9gicas y adaptadas a cada caso y procedimiento concreto.<\/span><\/p>\n<p style=\"text-align: justify;\"><span style=\"font-weight: 400;\">Posee conocimientos de idiomas ruso e ingl\u00e9s.<\/span><\/p>\n<p>[\/et_pb_text][\/et_pb_column][\/et_pb_row][et_pb_row make_equal=\u00bbon\u00bb custom_padding_last_edited=\u00bbon|tablet\u00bb _builder_version=\u00bb4.11.1&#8243; _module_preset=\u00bbdefault\u00bb module_alignment=\u00bbcenter\u00bb custom_margin=\u00bb||||false|false\u00bb custom_padding=\u00bb50px|14%|100px|14%|false|true\u00bb custom_padding_tablet=\u00bb0px|0%|0px|0%|false|true\u00bb custom_padding_phone=\u00bb\u00bb hover_enabled=\u00bb0&#8243; global_colors_info=\u00bb{}\u00bb sticky_enabled=\u00bb0&#8243;][et_pb_column type=\u00bb4_4&#8243; _builder_version=\u00bb4.11.1&#8243; _module_preset=\u00bbdefault\u00bb custom_padding=\u00bb15px|15px|15px|15px|false|false\u00bb border_radii=\u00bbon|15px|15px|15px|15px\u00bb global_colors_info=\u00bb{}\u00bb][et_pb_image src=\u00bbhttps:\/\/lopezchinchillaabogados.com\/wp-content\/uploads\/2025\/10\/Fernanda.jpeg\u00bb title_text=\u00bbFernanda\u00bb align=\u00bbcenter\u00bb _builder_version=\u00bb4.11.1&#8243; _module_preset=\u00bbdefault\u00bb width=\u00bb100%\u00bb max_width=\u00bb100%\u00bb module_alignment=\u00bbcenter\u00bb min_height=\u00bb424px\u00bb max_height=\u00bb526px\u00bb custom_margin=\u00bb|||-2px||\u00bb custom_css_main_element=\u00bbimg {||  object-fit: cover;||}\u00bb border_radii=\u00bbon|50px|50px|50px|50px\u00bb border_width_all=\u00bb3px\u00bb border_color_all=\u00bb#d2d4d4&#8243; global_colors_info=\u00bb{}\u00bb][\/et_pb_image][et_pb_text _builder_version=\u00bb4.11.1&#8243; _module_preset=\u00bbdefault\u00bb text_font=\u00bbLora||||||||\u00bb header_font=\u00bbPoppins||||||||\u00bb header_2_font=\u00bbPoppins||||||||\u00bb header_3_font=\u00bbPoppins||||||||\u00bb header_4_font=\u00bbLora||||||||\u00bb header_4_font_size=\u00bb17px\u00bb global_colors_info=\u00bb{}\u00bb]<\/p>\n<h3 style=\"text-align: center;\"><b>Mar\u00eda Fernanda Ba\u00f1uelos<\/b><\/h3>\n<p><b><\/b><\/p>\n<p><b><\/b><\/p>\n<h4 style=\"text-align: justify;\"><strong>Abogada ejerciente y colegiada del Ilustre Colegio de Abogados de Orihuela.<\/strong><\/h4>\n<h4 style=\"text-align: center;\"><\/h4>\n<p>[\/et_pb_text][et_pb_text _builder_version=\u00bb4.11.1&#8243; _module_preset=\u00bbdefault\u00bb text_font_size=\u00bb16px\u00bb global_colors_info=\u00bb{}\u00bb]<\/p>\n<p style=\"text-align: justify;\"><span style=\"font-weight: 400;\">Graduada en Derecho por la Universidad de Alicante y cuenta con el M\u00e1ster de Acceso a la Abogac\u00eda por la UCAM, el M\u00e1ster en Compliance por la Universidad de Navarra e IMF Business School.<\/span><\/p>\n<p style=\"text-align: justify;\"><span style=\"font-weight: 400;\">Est\u00e1 especializada, principalmente, en Derecho Inmobiliario y Operaciones Mercantiles Internacionales, \u00e1mbitos en los que acumula m\u00e1s de cinco a\u00f1os de experiencia. Ha asesorado a numerosos clientes internacionales, destacando por su enfoque estrat\u00e9gico y su capacidad para ofrecer soluciones jur\u00eddicas adaptadas a cada caso.<\/span><span style=\"font-weight: 400;\"><br \/><\/span><span style=\"font-weight: 400;\"><br \/><\/span><span style=\"font-weight: 400;\">Colegiada del Ilustre Colegio de Abogados de Orihuela.<\/span><\/p>\n<p>[\/et_pb_text][\/et_pb_column][\/et_pb_row][et_pb_row column_structure=\u00bb1_2,1_2&#8243; make_equal=\u00bbon\u00bb _builder_version=\u00bb4.11.1&#8243; _module_preset=\u00bbdefault\u00bb custom_padding=\u00bb||100px||false|false\u00bb global_colors_info=\u00bb{}\u00bb][et_pb_column type=\u00bb1_2&#8243; _builder_version=\u00bb4.11.1&#8243; _module_preset=\u00bbdefault\u00bb custom_padding=\u00bb15px|15px|15px|15px|false|false\u00bb border_radii=\u00bbon|15px|15px|15px|15px\u00bb global_colors_info=\u00bb{}\u00bb][et_pb_image src=\u00bbhttps:\/\/lopezchinchillaabogados.com\/wp-content\/uploads\/2025\/10\/Elena.jpeg\u00bb title_text=\u00bbElena\u00bb align=\u00bbcenter\u00bb _builder_version=\u00bb4.11.1&#8243; _module_preset=\u00bbdefault\u00bb width=\u00bb100%\u00bb max_width=\u00bb100%\u00bb module_alignment=\u00bbcenter\u00bb min_height=\u00bb424px\u00bb max_height=\u00bb526px\u00bb custom_margin=\u00bb|||-2px||\u00bb custom_css_main_element=\u00bbimg {||  object-fit: cover;||}\u00bb border_radii=\u00bbon|50px|50px|50px|50px\u00bb border_width_all=\u00bb3px\u00bb border_color_all=\u00bb#d2d4d4&#8243; global_colors_info=\u00bb{}\u00bb][\/et_pb_image][et_pb_text _builder_version=\u00bb4.11.1&#8243; _module_preset=\u00bbdefault\u00bb text_font=\u00bbLora||||||||\u00bb header_font=\u00bbPoppins||||||||\u00bb header_2_font=\u00bbPoppins||||||||\u00bb header_3_font=\u00bbPoppins||||||||\u00bb header_4_font=\u00bbLora||||||||\u00bb header_4_font_size=\u00bb17px\u00bb global_colors_info=\u00bb{}\u00bb]<\/p>\n<h3 style=\"text-align: center;\"><b>Elena Esperanza Fuentes Jim\u00e9nez<\/b><\/h3>\n<p><b><\/b><\/p>\n<h4 style=\"text-align: justify;\"><strong>Graduada en Derecho por la Universidad de Murcia.<\/strong><\/h4>\n<p><strong><\/strong><\/p>\n<p>[\/et_pb_text][et_pb_text _builder_version=\u00bb4.11.1&#8243; _module_preset=\u00bbdefault\u00bb text_font_size=\u00bb16px\u00bb global_colors_info=\u00bb{}\u00bb]<\/p>\n<p style=\"text-align: justify;\"><span style=\"font-weight: 400;\">Actualmente se encuentra preparando las Oposiciones a la Carrera Judicial.<\/span><span style=\"font-weight: 400;\"><br \/><\/span><span style=\"font-weight: 400;\"><br \/><\/span><span style=\"font-weight: 400;\">Asesoramiento en Derecho Civil y de Familia, especialmente la modificaci\u00f3n de medidas y la negociaci\u00f3n y redacci\u00f3n de convenios reguladores.<\/span><\/p>\n<p>[\/et_pb_text][\/et_pb_column][et_pb_column type=\u00bb1_2&#8243; _builder_version=\u00bb4.11.1&#8243; _module_preset=\u00bbdefault\u00bb custom_padding=\u00bb15px|15px|15px|15px|false|false\u00bb border_radii=\u00bbon|15px|15px|15px|15px\u00bb global_colors_info=\u00bb{}\u00bb][et_pb_image src=\u00bbhttps:\/\/lopezchinchillaabogados.com\/wp-content\/uploads\/2025\/11\/naomi4-scaled.jpg\u00bb title_text=\u00bbNaomi\u00bb align=\u00bbcenter\u00bb _builder_version=\u00bb4.11.1&#8243; _module_preset=\u00bbdefault\u00bb width=\u00bb100%\u00bb max_width=\u00bb100%\u00bb module_alignment=\u00bbcenter\u00bb min_height=\u00bb424px\u00bb max_height=\u00bb526px\u00bb custom_margin=\u00bb|||-2px||\u00bb custom_css_main_element=\u00bbimg {||  object-fit: cover;||}\u00bb border_radii=\u00bbon|50px|50px|50px|50px\u00bb border_width_all=\u00bb3px\u00bb border_color_all=\u00bb#d2d4d4&#8243; global_colors_info=\u00bb{}\u00bb][\/et_pb_image][et_pb_text _builder_version=\u00bb4.11.1&#8243; _module_preset=\u00bbdefault\u00bb text_font=\u00bbLora||||||||\u00bb header_font=\u00bbPoppins||||||||\u00bb header_2_font=\u00bbPoppins||||||||\u00bb header_3_font=\u00bbPoppins||||||||\u00bb header_4_font=\u00bbLora||||||||\u00bb header_4_font_size=\u00bb17px\u00bb global_colors_info=\u00bb{}\u00bb]<\/p>\n<h3 style=\"text-align: center;\"><b>Naomi Parres Bernab\u00e9<\/b><\/h3>\n<p><b><\/b><\/p>\n<p><b><\/b><\/p>\n<h4 style=\"text-align: justify;\"><strong>T\u00e9cnica Superior en Prevenci\u00f3n de Riesgos Laborales y Graduada en Derecho por la Universidad de Alicante.<\/strong><\/h4>\n<p>[\/et_pb_text][et_pb_text _builder_version=\u00bb4.11.1&#8243; _module_preset=\u00bbdefault\u00bb text_font_size=\u00bb16px\u00bb global_colors_info=\u00bb{}\u00bb]<\/p>\n<p style=\"font-weight: 400; text-align: justify;\">Asesoramiento en Derecho Laboral y de la Seguridad Social, tanto para empresas como para particulares.<\/p>\n<p>[\/et_pb_text][\/et_pb_column][\/et_pb_row][\/et_pb_section]<\/p>","protected":false},"excerpt":{"rendered":"<p>Sobre NosotrosSara L\u00f3pez Chinchilla Fundadora del despacho, Abogada ejerciente y colegiada del Ilustre Colegio de Abogados de Murcia y en el Ilustre Colegio de Abogados de OrihuelaLicenciada en Derecho por la Universidad de Murcia, est\u00e1 especializada, principalmente, en Derecho Penal, Derecho Sanitario y Derecho Social.\u00a0 Tambi\u00e9n es la abogada de la Provincia de Alicante de [&hellip;]<\/p>","protected":false},"author":2,"featured_media":0,"parent":0,"menu_order":0,"comment_status":"closed","ping_status":"closed","template":"","meta":{"_et_pb_use_builder":"on","_et_pb_old_content":"","_et_gb_content_width":"","footnotes":""},"class_list":["post-277301","page","type-page","status-publish","hentry"],"_links":{"self":[{"href":"https:\/\/lopezchinchillaabogados.com\/fr\/wp-json\/wp\/v2\/pages\/277301","targetHints":{"allow":["GET"]}}],"collection":[{"href":"https:\/\/lopezchinchillaabogados.com\/fr\/wp-json\/wp\/v2\/pages"}],"about":[{"href":"https:\/\/lopezchinchillaabogados.com\/fr\/wp-json\/wp\/v2\/types\/page"}],"author":[{"embeddable":true,"href":"https:\/\/lopezchinchillaabogados.com\/fr\/wp-json\/wp\/v2\/users\/2"}],"replies":[{"embeddable":true,"href":"https:\/\/lopezchinchillaabogados.com\/fr\/wp-json\/wp\/v2\/comments?post=277301"}],"version-history":[{"count":24,"href":"https:\/\/lopezchinchillaabogados.com\/fr\/wp-json\/wp\/v2\/pages\/277301\/revisions"}],"predecessor-version":[{"id":277591,"href":"https:\/\/lopezchinchillaabogados.com\/fr\/wp-json\/wp\/v2\/pages\/277301\/revisions\/277591"}],"wp:attachment":[{"href":"https:\/\/lopezchinchillaabogados.com\/fr\/wp-json\/wp\/v2\/media?parent=277301"}],"curies":[{"name":"wp","href":"https:\/\/api.w.org\/{rel}","templated":true}]}}